{"id":2350,"date":"2025-07-31T09:00:15","date_gmt":"2025-07-31T02:00:15","guid":{"rendered":"https:\/\/hrspring.vn\/consult\/?page_id=2350"},"modified":"2025-08-20T21:15:01","modified_gmt":"2025-08-20T14:15:01","slug":"coaching-1-1-phat-trien-su-nghiep","status":"publish","type":"page","link":"https:\/\/hrspring.vn\/consult\/coaching-1-1-phat-trien-su-nghiep\/","title":{"rendered":"Coaching 1-1 ph\u00e1t tri\u1ec3n s\u1ef1 nghi\u1ec7p"},"content":{"rendered":"\t<section class=\"section gioi-thieu-section dark\" id=\"section_1473331655\">\n\t\t<div class=\"bg section-bg fill bg-fill  \" >\n\n\t\t\t\n\t\t\t\n\t\t\t\n\n\t\t<\/div>\n\n\t\t\n\n\t\t<div class=\"section-content relative\">\n\t\t\t\n<div class=\"row\"  id=\"row-377647880\">\n\n\t<div id=\"col-1605403049\" class=\"col small-12 large-12\"  >\n\t\t\t\t<div class=\"col-inner\"  >\n\t\t\t\n\t\t\t\n<h1><span style=\"font-size: 46.656px;\">COACHING 1-1 PH\u00c1T TRI\u1ec2N S\u1ef0 NGHI\u1ec6P<\/span><\/h1>\n<p>Thay \u0111\u1ed5i l\u00e0 m\u1ed9t ph\u1ea7n t\u1ea5t y\u1ebfu c\u1ee7a cu\u1ed9c s\u1ed1ng c\u0169ng nh\u01b0 trong t\u1ed5 ch\u1ee9c. \u0110i\u1ec1u \u0111\u00f3 l\u00e0 c\u1ea7n thi\u1ebft cho s\u1ef1 ph\u00e1t tri\u1ec3n. C\u00f4ng ty c\u00f3 th\u1ec3 s\u00e1t nh\u1eadp, mua b\u00e1n, gi\u1ea3i th\u1ec3, ph\u00e1 s\u1ea3n, c\u00f3 s\u1ea3n ph\u1ea9m, d\u1ecbch v\u1ee5 m\u1edbi ho\u1eb7c thay th\u1ebf ng\u01b0\u1eddi l\u00e3nh \u0111\u1ea1o, cu\u1ed9c s\u1ed1ng kh\u00f4ng ph\u1ea3i l\u00fac n\u00e0o c\u0169ng \u00eam \u1ea3\u2026B\u1ea5t k\u1ef3 \u0111i\u1ec1u g\u00ec c\u0169ng c\u00f3 th\u1ec3 x\u1ea3y ra, v\u00ec v\u1eady ch\u00fang ta lu\u00f4n ph\u1ea3i th\u00edch \u1ee9ng v\u00e0 h\u1ecdc h\u1ecfi. N\u1ebfu bi\u1ebft chu\u1ea9n b\u1ecb h\u00e0nh trang tri th\u1ee9c, ch\u00fang ta s\u1ebd lu\u00f4n \u1edf th\u1ebf c\u00e2n b\u1eb1ng.<\/p>\n\t\t<\/div>\n\t\t\t\t\t<\/div>\n\n\t\n<\/div>\n\t\t<\/div>\n\n\t\t\n<style>\n#section_1473331655 {\n  padding-top: 100px;\n  padding-bottom: 100px;\n  background-color: rgb(255, 255, 255);\n}\n#section_1473331655 .section-bg.bg-loaded {\n  background-image: url(https:\/\/hrspring.vn\/consult\/wp-content\/uploads\/2022\/12\/bg-page.png);\n}\n#section_1473331655 .ux-shape-divider--top svg {\n  height: 150px;\n  --divider-top-width: 100%;\n}\n#section_1473331655 .ux-shape-divider--bottom svg {\n  height: 150px;\n  --divider-width: 100%;\n}\n<\/style>\n\t<\/section>\n\t\n\t<section class=\"section seo-section\" id=\"section_675080432\">\n\t\t<div class=\"bg section-bg fill bg-fill  bg-loaded\" >\n\n\t\t\t\n\t\t\t\n\t\t\t\n\n\t\t<\/div>\n\n\t\t\n\n\t\t<div class=\"section-content relative\">\n\t\t\t\n<div class=\"row\" style=\"max-width:1000px\" id=\"row-1231991181\">\n\n\t<div id=\"col-362388271\" class=\"col small-12 large-12\"  >\n\t\t\t\t<div class=\"col-inner\"  >\n\t\t\t\n\t\t\t\n<p><strong>N\u1ebeU B\u1ea0N MU\u1ed0N:<\/strong><\/p>\n<p>Tr\u1edf th\u00e0nh chuy\u00ean vi\u00ean\/chuy\u00ean gia t\u01b0 v\u1ea5n<\/p>\n<p>Tr\u1edf th\u00e0nh nh\u00e0 hu\u1ea5n luy\u1ec7n \u0111\u00e0o t\u1ea1o<\/p>\n<p>Tr\u1edf th\u00e0nh th\u00e0nh vi\u00ean c\u00f9ng ki\u1ebfn t\u1ea1o h\u1ec7 sinh th\u00e1i HR &#8211; SprinGO &#8211; B2B v\u00e0 ch\u00ednh m\u00ecnh trong \u0111\u00f3.<\/p>\n<p><strong>\u0110I\u1ec0U KI\u1ec6N C\u1ea6N:<\/strong><\/p>\n<p>\u0110am m\u00ea ngh\u1ec1 Nh\u00e2n s\u1ef1?<\/p>\n<p>Khao kh\u00e1t tr\u1edf th\u00e0nh nh\u00e0 \u0111\u00e0o t\u1ea1o, hu\u1ea5n luy\u1ec7n, t\u01b0 v\u1ea5n doanh nghi\u1ec7p v\u00e0 c\u00e1 nh\u00e2n trong l\u0129nh v\u1ef1c Nh\u00e2n s\u1ef1?<\/p>\n<p>Mu\u1ed1n mang l\u1ea1i gi\u00e1 tr\u1ecb v\u00e0 ph\u00e1t tri\u1ec3n cho t\u1ed5 ch\u1ee9c, c\u00e1 nh\u00e2n<\/p>\n<p>Mu\u1ed1n gi\u00fap \u0111\u1ee1 ng\u01b0\u1eddi kh\u00e1c ph\u00e1t tri\u1ec3n b\u1ea3n th\u00e2n? Mu\u1ed1n tr\u1edf th\u00e0nh ng\u01b0\u1eddi truy\u1ec1n c\u1ea3m h\u1ee9ng?<\/p>\n<p>Mu\u1ed1n ki\u1ebfm m\u1ee9c thu nh\u1eadp t\u1eeb 50 tri\u1ec7u tr\u1edf l\u00ean? Mu\u1ed1n m\u00ecnh s\u1ed1ng th\u1ef1c s\u1ef1 c\u00f3 gi\u00e1 tr\u1ecb?<\/p>\n<p>B\u1ea5t k\u1ef3 v\u1ecb tr\u00ed n\u00e0o c\u0169ng c\u00f3 l\u1ed9 tr\u00ecnh \u0111\u1ec3 th\u00e0nh c\u00f4ng. \u0110i\u1ec1u quan tr\u1ecdng l\u00e0 b\u1ea1n c\u00f3 th\u1ef1c s\u1ef1 mu\u1ed1n th\u00e0nh c\u00f4ng?<\/p>\n<p><strong>\u0110I\u1ec0U KI\u1ec6N \u0110\u1ee6: \u0110\u0102NG K\u00dd THAM GIA KH\u00d3A HU\u1ea4N LUY\u1ec6N T\u1ea0I SPRINGO V\u1edaI TINH TH\u1ea6N KI\u00caN \u0110\u1ecaNH, T\u00cdNH CAM K\u1ebeT V\u00c0 TR\u00c1CH NHI\u1ec6M CAO<\/strong><\/p>\n<p><strong>SPRINGO GI\u00daP B\u1ea0N TH\u00c0NH C\u00d4NG V\u1edaI KH\u00d3A HU\u1ea4N LUY\u1ec6N N\u00c0Y<\/strong><\/p>\n<p>Kh\u00f3a \u201cHu\u1ea5n luy\u1ec7n \u2013 \u0110\u1ed3ng h\u00e0nh v\u00e0 Ph\u00e1t tri\u1ec3n s\u1ef1 nghi\u1ec7p Nh\u00e2n s\u1ef1\u201d s\u1ebd t\u1ea1o ra nh\u1eefng \u201cHR Key Person\u201d, tr\u1edf th\u00e0nh Chuy\u00ean gia t\u01b0 v\u1ea5n uy t\u00edn<\/p>\n<p><strong>H\u00e3y li\u00ean h\u1ec7 tr\u1ef1c ti\u1ebfp \u0111\u1ec3 tham gia Kh\u00f3a h\u1ecdc \u0111\u1eb7c bi\u1ec7t n\u00e0y<\/strong><\/p>\n<p><strong>0969 79 89 44<\/strong><\/p>\n\t\t<\/div>\n\t\t\t\t\t<\/div>\n\n\t\n<\/div>\n\t\t<\/div>\n\n\t\t\n<style>\n#section_675080432 {\n  padding-top: 70px;\n  padding-bottom: 70px;\n  background-color: rgb(255, 244, 232);\n}\n#section_675080432 .ux-shape-divider--top svg {\n  height: 150px;\n  --divider-top-width: 100%;\n}\n#section_675080432 .ux-shape-divider--bottom svg {\n  height: 150px;\n  --divider-width: 100%;\n}\n<\/style>\n\t<\/section>\n\t\n","protected":false},"excerpt":{"rendered":"","protected":false},"author":1,"featured_media":0,"parent":0,"menu_order":0,"comment_status":"closed","ping_status":"closed","template":"page-transparent-header-light.php","meta":{"inline_featured_image":false,"footnotes":""},"class_list":["post-2350","page","type-page","status-publish","hentry"],"yoast_head":"<!-- This site is optimized with the Yoast SEO Premium plugin v25.9 (Yoast SEO v25.9) - https:\/\/yoast.com\/wordpress\/plugins\/seo\/ -->\n<title>Coaching 1-1 ph\u00e1t tri\u1ec3n s\u1ef1 nghi\u1ec7p<\/title>\n<meta name=\"description\" content=\"Kh\u00f3a \u201cHu\u1ea5n luy\u1ec7n \u2013 \u0110\u1ed3ng h\u00e0nh v\u00e0 Ph\u00e1t tri\u1ec3n s\u1ef1 nghi\u1ec7p Nh\u00e2n s\u1ef1\u201d s\u1ebd t\u1ea1o ra nh\u1eefng \u201cHR Key Person\u201d, tr\u1edf th\u00e0nh Chuy\u00ean gia t\u01b0 v\u1ea5n uy t\u00edn\" \/>\n<meta name=\"robots\" content=\"index, follow, max-snippet:-1, max-image-preview:large, max-video-preview:-1\" \/>\n<link rel=\"canonical\" href=\"https:\/\/hrspring.vn\/consult\/coaching-1-1-phat-trien-su-nghiep\/\" \/>\n<meta property=\"og:locale\" content=\"en_US\" \/>\n<meta property=\"og:type\" content=\"article\" \/>\n<meta property=\"og:title\" content=\"Coaching 1-1 ph\u00e1t tri\u1ec3n s\u1ef1 nghi\u1ec7p\" \/>\n<meta property=\"og:description\" content=\"Kh\u00f3a \u201cHu\u1ea5n luy\u1ec7n \u2013 \u0110\u1ed3ng h\u00e0nh v\u00e0 Ph\u00e1t tri\u1ec3n s\u1ef1 nghi\u1ec7p Nh\u00e2n s\u1ef1\u201d s\u1ebd t\u1ea1o ra nh\u1eefng \u201cHR Key Person\u201d, tr\u1edf th\u00e0nh Chuy\u00ean gia t\u01b0 v\u1ea5n uy t\u00edn\" \/>\n<meta property=\"og:url\" content=\"https:\/\/hrspring.vn\/consult\/coaching-1-1-phat-trien-su-nghiep\/\" \/>\n<meta property=\"og:site_name\" content=\"SprinGO - T\u01b0 v\u1ea5n Ngu\u1ed3n l\u1ef1c v\u00e0 Ph\u00e1t tri\u1ec3n Doanh Nghi\u1ec7p\" \/>\n<meta property=\"article:publisher\" content=\"https:\/\/www.facebook.com\/groups\/hrspringo\" \/>\n<meta property=\"article:modified_time\" content=\"2025-08-20T14:15:01+00:00\" \/>\n<meta property=\"og:image\" content=\"https:\/\/hrspring.vn\/consult\/wp-content\/uploads\/2025\/10\/avatar-SPR-24.webp\" \/>\n\t<meta property=\"og:image:width\" content=\"360\" \/>\n\t<meta property=\"og:image:height\" content=\"360\" \/>\n\t<meta property=\"og:image:type\" content=\"image\/webp\" \/>\n<meta name=\"twitter:card\" content=\"summary_large_image\" \/>\n<meta name=\"twitter:site\" content=\"@HrSpringo\" \/>\n<meta name=\"twitter:label1\" content=\"Est. reading time\" \/>\n\t<meta name=\"twitter:data1\" content=\"3 minutes\" \/>\n<script type=\"application\/ld+json\" class=\"yoast-schema-graph\">{\"@context\":\"https:\/\/schema.org\",\"@graph\":[{\"@type\":\"WebPage\",\"@id\":\"https:\/\/hrspring.vn\/consult\/coaching-1-1-phat-trien-su-nghiep\/\",\"url\":\"https:\/\/hrspring.vn\/consult\/coaching-1-1-phat-trien-su-nghiep\/\",\"name\":\"Coaching 1-1 ph\u00e1t tri\u1ec3n s\u1ef1 nghi\u1ec7p\",\"isPartOf\":{\"@id\":\"https:\/\/hrspring.vn\/consult\/#website\"},\"datePublished\":\"2025-07-31T02:00:15+00:00\",\"dateModified\":\"2025-08-20T14:15:01+00:00\",\"description\":\"Kh\u00f3a \u201cHu\u1ea5n luy\u1ec7n \u2013 \u0110\u1ed3ng h\u00e0nh v\u00e0 Ph\u00e1t tri\u1ec3n s\u1ef1 nghi\u1ec7p Nh\u00e2n s\u1ef1\u201d s\u1ebd t\u1ea1o ra nh\u1eefng \u201cHR Key Person\u201d, tr\u1edf th\u00e0nh Chuy\u00ean gia t\u01b0 v\u1ea5n uy t\u00edn\",\"breadcrumb\":{\"@id\":\"https:\/\/hrspring.vn\/consult\/coaching-1-1-phat-trien-su-nghiep\/#breadcrumb\"},\"inLanguage\":\"en-US\",\"potentialAction\":[{\"@type\":\"ReadAction\",\"target\":[\"https:\/\/hrspring.vn\/consult\/coaching-1-1-phat-trien-su-nghiep\/\"]}]},{\"@type\":\"BreadcrumbList\",\"@id\":\"https:\/\/hrspring.vn\/consult\/coaching-1-1-phat-trien-su-nghiep\/#breadcrumb\",\"itemListElement\":[{\"@type\":\"ListItem\",\"position\":1,\"name\":\"Home\",\"item\":\"https:\/\/hrspring.vn\/consult\/\"},{\"@type\":\"ListItem\",\"position\":2,\"name\":\"Coaching 1-1 ph\u00e1t tri\u1ec3n s\u1ef1 nghi\u1ec7p\"}]},{\"@type\":\"WebSite\",\"@id\":\"https:\/\/hrspring.vn\/consult\/#website\",\"url\":\"https:\/\/hrspring.vn\/consult\/\",\"name\":\"SprinGO - T\u01b0 v\u1ea5n Ngu\u1ed3n l\u1ef1c v\u00e0 Ph\u00e1t tri\u1ec3n Doanh Nghi\u1ec7p\",\"description\":\"Qu\u1ea3n tr\u1ecb - Ph\u00e1t tri\u1ec3n Ngu\u1ed3n Nh\u00e2n l\u1ef1c &amp; T\u1ed5 ch\u1ee9c - SprinGO Consultant\",\"publisher\":{\"@id\":\"https:\/\/hrspring.vn\/consult\/#organization\"},\"potentialAction\":[{\"@type\":\"SearchAction\",\"target\":{\"@type\":\"EntryPoint\",\"urlTemplate\":\"https:\/\/hrspring.vn\/consult\/?s={search_term_string}\"},\"query-input\":{\"@type\":\"PropertyValueSpecification\",\"valueRequired\":true,\"valueName\":\"search_term_string\"}}],\"inLanguage\":\"en-US\"},{\"@type\":\"Organization\",\"@id\":\"https:\/\/hrspring.vn\/consult\/#organization\",\"name\":\"C\u00d4NG TY TNHH \u0110\u00c0O T\u1ea0O - T\u01af V\u1ea4N PH\u00c1T TRI\u1ec2N SPRINGO\",\"alternateName\":\"Springo Academy & Consultant\",\"url\":\"https:\/\/hrspring.vn\/consult\/\",\"logo\":{\"@type\":\"ImageObject\",\"inLanguage\":\"en-US\",\"@id\":\"https:\/\/hrspring.vn\/consult\/#\/schema\/logo\/image\/\",\"url\":\"https:\/\/hrspring.vn\/consult\/wp-content\/uploads\/2025\/10\/avatar-SPR-24.webp\",\"contentUrl\":\"https:\/\/hrspring.vn\/consult\/wp-content\/uploads\/2025\/10\/avatar-SPR-24.webp\",\"width\":360,\"height\":360,\"caption\":\"C\u00d4NG TY TNHH \u0110\u00c0O T\u1ea0O - T\u01af V\u1ea4N PH\u00c1T TRI\u1ec2N SPRINGO\"},\"image\":{\"@id\":\"https:\/\/hrspring.vn\/consult\/#\/schema\/logo\/image\/\"},\"sameAs\":[\"https:\/\/www.facebook.com\/groups\/hrspringo\",\"https:\/\/x.com\/HrSpringo\"],\"description\":\"T\u01b0 v\u1ea5n Nh\u00e2n s\u1ef1 & Ph\u00e1t tri\u1ec3n T\u1ed5 ch\u1ee9c \u00b7 \u0110\u00e0o t\u1ea1o & Coaching Nh\u00e2n s\u1ef1 chuy\u00ean s\u00e2u \u00b7 HR Outsource \u2013 Ph\u00f2ng Nh\u00e2n s\u1ef1 Thu\u00ea ngo\u00e0i.\",\"email\":\"kienthucnhansuhr@gmail.com\",\"telephone\":\"0969798944\",\"legalName\":\"C\u00d4NG TY TNHH \u0110\u00c0O T\u1ea0O - T\u01af V\u1ea4N PH\u00c1T TRI\u1ec2N SPRINGO\",\"foundingDate\":\"2016-10-27\",\"vatID\":\"0107612541\",\"taxID\":\"0107612541\",\"numberOfEmployees\":{\"@type\":\"QuantitativeValue\",\"minValue\":\"1\",\"maxValue\":\"10\"}}]}<\/script>\n<!-- \/ Yoast SEO Premium plugin. -->","yoast_head_json":{"title":"Coaching 1-1 ph\u00e1t tri\u1ec3n s\u1ef1 nghi\u1ec7p","description":"Kh\u00f3a \u201cHu\u1ea5n luy\u1ec7n \u2013 \u0110\u1ed3ng h\u00e0nh v\u00e0 Ph\u00e1t tri\u1ec3n s\u1ef1 nghi\u1ec7p Nh\u00e2n s\u1ef1\u201d s\u1ebd t\u1ea1o ra nh\u1eefng \u201cHR Key Person\u201d, tr\u1edf th\u00e0nh Chuy\u00ean gia t\u01b0 v\u1ea5n uy t\u00edn","robots":{"index":"index","follow":"follow","max-snippet":"max-snippet:-1","max-image-preview":"max-image-preview:large","max-video-preview":"max-video-preview:-1"},"canonical":"https:\/\/hrspring.vn\/consult\/coaching-1-1-phat-trien-su-nghiep\/","og_locale":"en_US","og_type":"article","og_title":"Coaching 1-1 ph\u00e1t tri\u1ec3n s\u1ef1 nghi\u1ec7p","og_description":"Kh\u00f3a \u201cHu\u1ea5n luy\u1ec7n \u2013 \u0110\u1ed3ng h\u00e0nh v\u00e0 Ph\u00e1t tri\u1ec3n s\u1ef1 nghi\u1ec7p Nh\u00e2n s\u1ef1\u201d s\u1ebd t\u1ea1o ra nh\u1eefng \u201cHR Key Person\u201d, tr\u1edf th\u00e0nh Chuy\u00ean gia t\u01b0 v\u1ea5n uy t\u00edn","og_url":"https:\/\/hrspring.vn\/consult\/coaching-1-1-phat-trien-su-nghiep\/","og_site_name":"SprinGO - T\u01b0 v\u1ea5n Ngu\u1ed3n l\u1ef1c v\u00e0 Ph\u00e1t tri\u1ec3n Doanh Nghi\u1ec7p","article_publisher":"https:\/\/www.facebook.com\/groups\/hrspringo","article_modified_time":"2025-08-20T14:15:01+00:00","og_image":[{"width":360,"height":360,"url":"https:\/\/hrspring.vn\/consult\/wp-content\/uploads\/2025\/10\/avatar-SPR-24.webp","type":"image\/webp"}],"twitter_card":"summary_large_image","twitter_site":"@HrSpringo","twitter_misc":{"Est. reading time":"3 minutes"},"schema":{"@context":"https:\/\/schema.org","@graph":[{"@type":"WebPage","@id":"https:\/\/hrspring.vn\/consult\/coaching-1-1-phat-trien-su-nghiep\/","url":"https:\/\/hrspring.vn\/consult\/coaching-1-1-phat-trien-su-nghiep\/","name":"Coaching 1-1 ph\u00e1t tri\u1ec3n s\u1ef1 nghi\u1ec7p","isPartOf":{"@id":"https:\/\/hrspring.vn\/consult\/#website"},"datePublished":"2025-07-31T02:00:15+00:00","dateModified":"2025-08-20T14:15:01+00:00","description":"Kh\u00f3a \u201cHu\u1ea5n luy\u1ec7n \u2013 \u0110\u1ed3ng h\u00e0nh v\u00e0 Ph\u00e1t tri\u1ec3n s\u1ef1 nghi\u1ec7p Nh\u00e2n s\u1ef1\u201d s\u1ebd t\u1ea1o ra nh\u1eefng \u201cHR Key Person\u201d, tr\u1edf th\u00e0nh Chuy\u00ean gia t\u01b0 v\u1ea5n uy t\u00edn","breadcrumb":{"@id":"https:\/\/hrspring.vn\/consult\/coaching-1-1-phat-trien-su-nghiep\/#breadcrumb"},"inLanguage":"en-US","potentialAction":[{"@type":"ReadAction","target":["https:\/\/hrspring.vn\/consult\/coaching-1-1-phat-trien-su-nghiep\/"]}]},{"@type":"BreadcrumbList","@id":"https:\/\/hrspring.vn\/consult\/coaching-1-1-phat-trien-su-nghiep\/#breadcrumb","itemListElement":[{"@type":"ListItem","position":1,"name":"Home","item":"https:\/\/hrspring.vn\/consult\/"},{"@type":"ListItem","position":2,"name":"Coaching 1-1 ph\u00e1t tri\u1ec3n s\u1ef1 nghi\u1ec7p"}]},{"@type":"WebSite","@id":"https:\/\/hrspring.vn\/consult\/#website","url":"https:\/\/hrspring.vn\/consult\/","name":"SprinGO - T\u01b0 v\u1ea5n Ngu\u1ed3n l\u1ef1c v\u00e0 Ph\u00e1t tri\u1ec3n Doanh Nghi\u1ec7p","description":"Qu\u1ea3n tr\u1ecb - Ph\u00e1t tri\u1ec3n Ngu\u1ed3n Nh\u00e2n l\u1ef1c &amp; T\u1ed5 ch\u1ee9c - SprinGO Consultant","publisher":{"@id":"https:\/\/hrspring.vn\/consult\/#organization"},"potentialAction":[{"@type":"SearchAction","target":{"@type":"EntryPoint","urlTemplate":"https:\/\/hrspring.vn\/consult\/?s={search_term_string}"},"query-input":{"@type":"PropertyValueSpecification","valueRequired":true,"valueName":"search_term_string"}}],"inLanguage":"en-US"},{"@type":"Organization","@id":"https:\/\/hrspring.vn\/consult\/#organization","name":"C\u00d4NG TY TNHH \u0110\u00c0O T\u1ea0O - T\u01af V\u1ea4N PH\u00c1T TRI\u1ec2N SPRINGO","alternateName":"Springo Academy & Consultant","url":"https:\/\/hrspring.vn\/consult\/","logo":{"@type":"ImageObject","inLanguage":"en-US","@id":"https:\/\/hrspring.vn\/consult\/#\/schema\/logo\/image\/","url":"https:\/\/hrspring.vn\/consult\/wp-content\/uploads\/2025\/10\/avatar-SPR-24.webp","contentUrl":"https:\/\/hrspring.vn\/consult\/wp-content\/uploads\/2025\/10\/avatar-SPR-24.webp","width":360,"height":360,"caption":"C\u00d4NG TY TNHH \u0110\u00c0O T\u1ea0O - T\u01af V\u1ea4N PH\u00c1T TRI\u1ec2N SPRINGO"},"image":{"@id":"https:\/\/hrspring.vn\/consult\/#\/schema\/logo\/image\/"},"sameAs":["https:\/\/www.facebook.com\/groups\/hrspringo","https:\/\/x.com\/HrSpringo"],"description":"T\u01b0 v\u1ea5n Nh\u00e2n s\u1ef1 & Ph\u00e1t tri\u1ec3n T\u1ed5 ch\u1ee9c \u00b7 \u0110\u00e0o t\u1ea1o & Coaching Nh\u00e2n s\u1ef1 chuy\u00ean s\u00e2u \u00b7 HR Outsource \u2013 Ph\u00f2ng Nh\u00e2n s\u1ef1 Thu\u00ea ngo\u00e0i.","email":"kienthucnhansuhr@gmail.com","telephone":"0969798944","legalName":"C\u00d4NG TY TNHH \u0110\u00c0O T\u1ea0O - T\u01af V\u1ea4N PH\u00c1T TRI\u1ec2N SPRINGO","foundingDate":"2016-10-27","vatID":"0107612541","taxID":"0107612541","numberOfEmployees":{"@type":"QuantitativeValue","minValue":"1","maxValue":"10"}}]}},"_links":{"self":[{"href":"https:\/\/hrspring.vn\/consult\/wp-json\/wp\/v2\/pages\/2350","targetHints":{"allow":["GET"]}}],"collection":[{"href":"https:\/\/hrspring.vn\/consult\/wp-json\/wp\/v2\/pages"}],"about":[{"href":"https:\/\/hrspring.vn\/consult\/wp-json\/wp\/v2\/types\/page"}],"author":[{"embeddable":true,"href":"https:\/\/hrspring.vn\/consult\/wp-json\/wp\/v2\/users\/1"}],"replies":[{"embeddable":true,"href":"https:\/\/hrspring.vn\/consult\/wp-json\/wp\/v2\/comments?post=2350"}],"version-history":[{"count":2,"href":"https:\/\/hrspring.vn\/consult\/wp-json\/wp\/v2\/pages\/2350\/revisions"}],"predecessor-version":[{"id":2461,"href":"https:\/\/hrspring.vn\/consult\/wp-json\/wp\/v2\/pages\/2350\/revisions\/2461"}],"wp:attachment":[{"href":"https:\/\/hrspring.vn\/consult\/wp-json\/wp\/v2\/media?parent=2350"}],"curies":[{"name":"wp","href":"https:\/\/api.w.org\/{rel}","templated":true}]}}